{"id":94,"date":"2020-05-26T11:17:22","date_gmt":"2020-05-26T11:17:22","guid":{"rendered":"http:\/\/www.aeschbacher.consulting\/wordpress\/?page_id=94"},"modified":"2020-05-26T14:52:14","modified_gmt":"2020-05-26T14:52:14","slug":"entwicklung-digitaler-geschaeftsmodelle","status":"publish","type":"page","link":"https:\/\/aeschbacher.consulting\/?page_id=94","title":{"rendered":"Entwicklung digitaler Gesch\u00e4ftsmodelle"},"content":{"rendered":"\n<h4>Wir unterst\u00fctzen Sie bei der Entwicklung von digitalen Gesch\u00e4ftsmodellen. <\/h4>\n\n\n\n<p>Ein Gesch\u00e4ftsmodell beantwortet vier Fragen zum <strong>Kundensegment<\/strong>, dem <strong>Nutzenversprechen<\/strong>, der <strong>Wertsch\u00f6pfungskette <\/strong>sowie der <strong>Ertragsmechanik<\/strong>. Gassmann et al. (2017) haben dies visuell anhand eines &#8222;magischen Dreiecks mit vier Dimensionen&#8220; dargestellt:<\/p>\n\n\n\n<figure class=\"wp-block-image size-large\"><img decoding=\"async\" loading=\"lazy\" width=\"1024\" height=\"611\" src=\"http:\/\/www.aeschbacher.consulting\/wp-content\/uploads\/2020\/05\/Gesch\u00e4ftsmodell-1024x611.jpg\" alt=\"\" class=\"wp-image-95\" srcset=\"https:\/\/aeschbacher.consulting\/wp-content\/uploads\/2020\/05\/Gesch\u00e4ftsmodell-1024x611.jpg 1024w, https:\/\/aeschbacher.consulting\/wp-content\/uploads\/2020\/05\/Gesch\u00e4ftsmodell-300x179.jpg 300w, https:\/\/aeschbacher.consulting\/wp-content\/uploads\/2020\/05\/Gesch\u00e4ftsmodell-768x458.jpg 768w, https:\/\/aeschbacher.consulting\/wp-content\/uploads\/2020\/05\/Gesch\u00e4ftsmodell.jpg 1155w\" sizes=\"(max-width: 1024px) 100vw, 1024px\" \/><figcaption>Das magische Dreieck mit den vier Dimensionen eines Gesch\u00e4ftsmodells (Gassmann, Frankenberger &amp; Csik, 2017, S. 7)<\/figcaption><\/figure>\n\n\n\n<p>Wir sind davon \u00fcberzeugt, dass der k\u00fcnftige Wettbewerb nicht mehr \u00fcber Produkte und Dienstleistungen, sondern vermehrt \u00fcber Gesch\u00e4ftsmodelle gef\u00fchrt wird. <br>Gerne unterst\u00fctzen wir Sie dabei, s\u00e4mtliche Dimensionen zu konkretisieren und Ihr Gesch\u00e4ftsmodell, gemeinsam mit Ihnen, zu entwickeln. Dabei arbeiten wir mit verschiedenen Tools und Techniken, wie beispielsweise dem &#8222;<strong>Business Model Canvas<\/strong>&#8220; oder &#8222;<strong>Design Thinking<\/strong>&#8222;.<\/p>\n\n\n\n<p>Neugierig? Dann <strong><a href=\"http:\/\/www.aeschbacher.consulting\/?page_id=30\">kontaktieren<\/a> Sie uns<\/strong>.<\/p>\n","protected":false},"excerpt":{"rendered":"<p>Wir unterst\u00fctzen Sie bei der Entwicklung von digitalen Gesch\u00e4ftsmodellen. Ein Gesch\u00e4ftsmodell beantwortet vier Fragen zum Kundensegment, dem Nutzenversprechen, der Wertsch\u00f6pfungskette sowie der Ertragsmechanik. Gassmann et al. (2017) haben dies visuell anhand eines &#8222;magischen Dreiecks mit vier Dimensionen&#8220; dargestellt: Wir sind davon \u00fcberzeugt, dass der k\u00fcnftige Wettbewerb nicht mehr \u00fcber Produkte und Dienstleistungen, sondern vermehrt \u00fcber [&hellip;]<\/p>\n","protected":false},"author":1,"featured_media":0,"parent":0,"menu_order":0,"comment_status":"closed","ping_status":"closed","template":"","meta":{"_mi_skip_tracking":false},"_links":{"self":[{"href":"https:\/\/aeschbacher.consulting\/index.php?rest_route=\/wp\/v2\/pages\/94"}],"collection":[{"href":"https:\/\/aeschbacher.consulting\/index.php?rest_route=\/wp\/v2\/pages"}],"about":[{"href":"https:\/\/aeschbacher.consulting\/index.php?rest_route=\/wp\/v2\/types\/page"}],"author":[{"embeddable":true,"href":"https:\/\/aeschbacher.consulting\/index.php?rest_route=\/wp\/v2\/users\/1"}],"replies":[{"embeddable":true,"href":"https:\/\/aeschbacher.consulting\/index.php?rest_route=%2Fwp%2Fv2%2Fcomments&post=94"}],"version-history":[{"count":8,"href":"https:\/\/aeschbacher.consulting\/index.php?rest_route=\/wp\/v2\/pages\/94\/revisions"}],"predecessor-version":[{"id":141,"href":"https:\/\/aeschbacher.consulting\/index.php?rest_route=\/wp\/v2\/pages\/94\/revisions\/141"}],"wp:attachment":[{"href":"https:\/\/aeschbacher.consulting\/index.php?rest_route=%2Fwp%2Fv2%2Fmedia&parent=94"}],"curies":[{"name":"wp","href":"https:\/\/api.w.org\/{rel}","templated":true}]}}