{"id":28,"date":"2020-05-21T06:56:53","date_gmt":"2020-05-21T06:56:53","guid":{"rendered":"http:\/\/www.aeschbacher.consulting\/wordpress\/?page_id=28"},"modified":"2022-01-21T20:01:25","modified_gmt":"2022-01-21T20:01:25","slug":"das-neue-museum-oeffnet-seine-tueren-2","status":"publish","type":"page","link":"https:\/\/aeschbacher.consulting\/","title":{"rendered":"Ihr Ansprechpartner f\u00fcr CRM, digitale Gesch\u00e4ftsmodelle &#038;  Innovationen"},"content":{"rendered":"\n<div class=\"is-layout-flow wp-block-group alignwide\"><div class=\"wp-block-group__inner-container\">\n<h4 class=\"has-text-align-center\">Der Kunde ist unser Fokus. Wir unterst\u00fctzen Sie dabei, Ihr Angebot kundenzentriert zu entwickeln und gezielt anzubieten. Von der Strategie, \u00fcber das Gesch\u00e4ftsmodell bis hin zu Ihrer Dienstleitung, bzw. Ihrem Produkt. <\/h4>\n<\/div><\/div>\n\n\n\n<div class=\"is-layout-flex wp-container-5 wp-block-columns alignwide\">\n<div class=\"is-layout-flow wp-block-column\">\n<div class=\"is-layout-flow wp-block-group\"><div class=\"wp-block-group__inner-container\">\n<figure class=\"wp-block-image size-large\"><img decoding=\"async\" loading=\"lazy\" width=\"1024\" height=\"548\" src=\"http:\/\/www.aeschbacher.consulting\/wp-content\/uploads\/2020\/05\/OperativAnalytisch-1024x548.png\" alt=\"\" class=\"wp-image-117\" srcset=\"https:\/\/aeschbacher.consulting\/wp-content\/uploads\/2020\/05\/OperativAnalytisch-1024x548.png 1024w, https:\/\/aeschbacher.consulting\/wp-content\/uploads\/2020\/05\/OperativAnalytisch-300x161.png 300w, https:\/\/aeschbacher.consulting\/wp-content\/uploads\/2020\/05\/OperativAnalytisch-768x411.png 768w, https:\/\/aeschbacher.consulting\/wp-content\/uploads\/2020\/05\/OperativAnalytisch.png 1139w\" sizes=\"(max-width: 1024px) 100vw, 1024px\" \/><\/figure>\n\n\n\n<h3 class=\"has-text-color\" style=\"color:#002387\">CRM Dienstleistungen<\/h3>\n\n\n\n<p class=\"has-primary-color has-text-color\">Lesen Sie hier, wie wir Sie rund um das Thema CRM unterst\u00fctzen k\u00f6nnen.<\/p>\n\n\n\n<div class=\"wp-block-button is-style-outline\"><a class=\"wp-block-button__link\" href=\"http:\/\/www.aeschbacher.consulting\/?page_id=73\">Weiterlesen<\/a><\/div>\n<\/div><\/div>\n\n\n\n<div class=\"is-layout-flow wp-block-group\"><div class=\"wp-block-group__inner-container\"><\/div><\/div>\n<\/div>\n<\/div>\n\n\n\n<figure class=\"is-layout-flex wp-block-gallery-6 wp-block-gallery alignwide columns-0 is-cropped\"><ul class=\"blocks-gallery-grid\"><\/ul><\/figure>\n\n\n\n<p><\/p>\n","protected":false},"excerpt":{"rendered":"<p>Der Kunde ist unser Fokus. Wir unterst\u00fctzen Sie dabei, Ihr Angebot kundenzentriert zu entwickeln und gezielt anzubieten. Von der Strategie, \u00fcber das Gesch\u00e4ftsmodell bis hin zu Ihrer Dienstleitung, bzw. Ihrem Produkt. CRM Dienstleistungen Lesen Sie hier, wie wir Sie rund um das Thema CRM unterst\u00fctzen k\u00f6nnen.<\/p>\n","protected":false},"author":1,"featured_media":0,"parent":0,"menu_order":0,"comment_status":"closed","ping_status":"closed","template":"","meta":{"_mi_skip_tracking":false},"_links":{"self":[{"href":"https:\/\/aeschbacher.consulting\/index.php?rest_route=\/wp\/v2\/pages\/28"}],"collection":[{"href":"https:\/\/aeschbacher.consulting\/index.php?rest_route=\/wp\/v2\/pages"}],"about":[{"href":"https:\/\/aeschbacher.consulting\/index.php?rest_route=\/wp\/v2\/types\/page"}],"author":[{"embeddable":true,"href":"https:\/\/aeschbacher.consulting\/index.php?rest_route=\/wp\/v2\/users\/1"}],"replies":[{"embeddable":true,"href":"https:\/\/aeschbacher.consulting\/index.php?rest_route=%2Fwp%2Fv2%2Fcomments&post=28"}],"version-history":[{"count":17,"href":"https:\/\/aeschbacher.consulting\/index.php?rest_route=\/wp\/v2\/pages\/28\/revisions"}],"predecessor-version":[{"id":180,"href":"https:\/\/aeschbacher.consulting\/index.php?rest_route=\/wp\/v2\/pages\/28\/revisions\/180"}],"wp:attachment":[{"href":"https:\/\/aeschbacher.consulting\/index.php?rest_route=%2Fwp%2Fv2%2Fmedia&parent=28"}],"curies":[{"name":"wp","href":"https:\/\/api.w.org\/{rel}","templated":true}]}}